{"id":1242,"date":"2023-05-15T16:46:27","date_gmt":"2023-05-15T16:46:27","guid":{"rendered":"https:\/\/hudochlaserkliniken.se\/treatments\/clarity-ii-2\/"},"modified":"2023-05-15T16:46:27","modified_gmt":"2023-05-15T16:46:27","slug":"clarity-ii","status":"publish","type":"page","link":"https:\/\/hudochlaserkliniken.se\/en\/treatments\/clarity-ii\/","title":{"rendered":"K\u00e4rlborttagning med Laser"},"content":{"rendered":"<section class=\"wpb-content-wrapper\"><p>[vc_row][vc_column width=&#8221;2\/3&#8243;][vc_column_text]<\/p>\n<div class=\"et_pb_module et_pb_text et_pb_text_2 et_pb_text_align_left et_pb_bg_layout_light\">\n<div class=\"et_pb_text_inner\">\n<h4><\/h4>\n<h4>Vad \u00e4r k\u00e4rlborttagning?<\/h4>\n<\/div>\n<\/div>\n<div class=\"et_pb_module et_pb_text et_pb_text_3 et_pb_text_align_left et_pb_bg_layout_light\">\n<div class=\"et_pb_text_inner\">\n<p>Man brukar oftast inte se hudens blodk\u00e4rl, men ibland kan de brista eller vidgas. Har man flera tunna ytliga blodk\u00e4rl kan huden se r\u00f6dflammig ut. Med laser kan vi effektivt ta bort de synliga blodk\u00e4rlen p\u00e5 bara n\u00e5gra minuter. Omr\u00e5den som kan behandlas \u00e4r b\u00e5de ansikte och kroppen.<\/p>\n<div class=\"et_pb_module et_pb_text et_pb_text_6 et_pb_text_align_left et_pb_bg_layout_light\">\n<div class=\"et_pb_text_inner\">\n<h4>Hur fungerar k\u00e4rlborttagningen?<\/h4>\n<\/div>\n<\/div>\n<div class=\"et_pb_module et_pb_text et_pb_text_7 et_pb_text_align_left et_pb_bg_layout_light\">\n<div class=\"et_pb_text_inner\">\n<p>Det som sker \u00e4r att blodk\u00e4rlen absorberar ljuset som omvandlas till v\u00e4rme och d\u00e4rf\u00f6r koaguleras, f\u00f6r att sedan dra ihop sig successivt. Man kan fa\u030a en l\u00e4tt rodnad och bl\u00e5m\u00e4rke som sedan f\u00f6rsvinner. Du kan ocks\u00e5 f\u00e5 en v\u00e4rmek\u00e4nsla det f\u00f6rsta dygnet. Oftast tar det ca tre veckor innan man ser att k\u00e4rlet reducerats. Om det \u00e4r ett litet k\u00e4rl kan man fa\u030a en omedelbar effekt i och med att k\u00e4rlet drar ihop sig. Beroende p\u00e5\u030a blodcirkulationen kan upprepade behandlingar beh\u00f6vas med 4 veckors mellanrum.<\/p>\n<div class=\"et_pb_module et_pb_text et_pb_text_10 et_pb_text_align_left et_pb_bg_layout_light\">\n<div class=\"et_pb_text_inner\">\n<h4>Att t\u00e4nka p\u00e5<\/h4>\n<\/div>\n<\/div>\n<div class=\"et_pb_module et_pb_text et_pb_text_11 et_pb_text_align_left et_pb_bg_layout_light\">\n<div class=\"et_pb_text_inner\">\n<p>Undvik solning ca 1 m\u00e5nad f\u00f6re och efter behandling, undvik aktiviteter som h\u00f6jer blodcirkulationen 24 timmar efter behandling. SPF 30-50 b\u00f6r anv\u00e4ndas efter behandling.<\/p>\n<\/div>\n<\/div>\n<\/div>\n<\/div>\n<\/div>\n<\/div>\n<p>[\/vc_column_text][\/vc_column][vc_column width=&#8221;1\/3&#8243;][vc_separator][vc_video link=&#8221;https:\/\/www.youtube.com\/watch?v=mexz170tWBg&#8221;][\/vc_column][\/vc_row][vc_row][vc_column width=&#8221;5\/6&#8243;][\/vc_column][vc_column][vc_separator][\/vc_column][\/vc_row][vc_row][vc_column width=&#8221;5\/6&#8243;][vc_column_text]<\/p>\n<h5>Enstaka k\u00e4rl 20 min<\/h5>\n<p>[\/vc_column_text][\/vc_column][vc_column width=&#8221;1\/6&#8243;][vc_column_text]<\/p>\n<h5>Fr\u00e5n 1 000 kr<\/h5>\n<p>[\/vc_column_text][\/vc_column][vc_column][vc_separator][\/vc_column][\/vc_row][vc_row][vc_column width=&#8221;5\/6&#8243;][vc_column_text]<\/p>\n<h5>St\u00f6rre omr\u00e5de 45 min<\/h5>\n<p>[\/vc_column_text][\/vc_column][vc_column width=&#8221;1\/6&#8243;][vc_column_text]<\/p>\n<h5>Fr\u00e5n 4 500 kr<\/h5>\n<p>[\/vc_column_text][\/vc_column][vc_column][vc_separator][\/vc_column][\/vc_row][vc_row][vc_column width=&#8221;5\/6&#8243;][vc_column_text]<\/p>\n<h5>1 Omr\u00e5de k\u00e4rl 10 min<\/h5>\n<p>[\/vc_column_text][\/vc_column][vc_column width=&#8221;1\/6&#8243;][vc_column_text]<\/p>\n<h5>Fr\u00e5n 2 500 kr<\/h5>\n<p>[\/vc_column_text][\/vc_column][vc_column][vc_separator][\/vc_column][\/vc_row][vc_row][vc_column width=&#8221;5\/6&#8243;][vc_column_text]<\/p>\n<h5>2 Omr\u00e5den k\u00e4rl 20 min<\/h5>\n<p>[\/vc_column_text][\/vc_column][vc_column width=&#8221;1\/6&#8243;][vc_column_text]<\/p>\n<h5>Fr\u00e5n 3 000 kr<\/h5>\n<p>[\/vc_column_text][\/vc_column][vc_column][vc_separator][\/vc_column][\/vc_row][vc_row][vc_column width=&#8221;5\/6&#8243;][vc_column_text]<\/p>\n<h5>3 Omr\u00e5den k\u00e4rl 30 min<\/h5>\n<p>[\/vc_column_text][\/vc_column][vc_column width=&#8221;1\/6&#8243;][vc_column_text]<\/p>\n<h5>Fr\u00e5n 3 000 kr<\/h5>\n<p>[\/vc_column_text][\/vc_column][vc_column][vc_separator][\/vc_column][\/vc_row][vc_row][vc_column width=&#8221;5\/6&#8243;][vc_column_text]<\/p>\n<h5>Kinder 20 min<\/h5>\n<p>[\/vc_column_text][\/vc_column][vc_column width=&#8221;1\/6&#8243;][vc_column_text]<\/p>\n<h5>Fr\u00e5n 1 300 kr<\/h5>\n<p>[\/vc_column_text][\/vc_column][vc_column][vc_separator][\/vc_column][\/vc_row][vc_row][vc_column width=&#8221;5\/6&#8243;][vc_column_text]<\/p>\n<h5>Panna 20 min<\/h5>\n<p>[\/vc_column_text][\/vc_column][vc_column width=&#8221;1\/6&#8243;][vc_column_text]<\/p>\n<h5>Fr\u00e5n 1 300 kr<\/h5>\n<p>[\/vc_column_text][\/vc_column][vc_column][vc_separator][\/vc_column][\/vc_row][vc_row][vc_column width=&#8221;5\/6&#8243;][vc_column_text]<\/p>\n<h5>Ansikte 30 min<\/h5>\n<p>[\/vc_column_text][\/vc_column][vc_column width=&#8221;1\/6&#8243;][vc_column_text]<\/p>\n<h5>Fr\u00e5n 2 500 kr<\/h5>\n<p>[\/vc_column_text][\/vc_column][vc_column][vc_separator][\/vc_column][\/vc_row]<\/p>\n<\/section>","protected":false},"excerpt":{"rendered":"<p>[vc_row][vc_column width=&#8221;2\/3&#8243;][vc_column_text] Vad \u00e4r k\u00e4rlborttagning? Man brukar oftast inte se hudens blodk\u00e4rl, men ibland kan de brista eller vidgas. Har man flera tunna ytliga blodk\u00e4rl kan huden se r\u00f6dflammig ut. Med laser kan vi effektivt ta bort de synliga blodk\u00e4rlen p\u00e5 bara n\u00e5gra minuter. Omr\u00e5den som kan behandlas \u00e4r b\u00e5de ansikte och kroppen. Hur fungerar [&hellip;]<\/p>\n","protected":false},"author":1,"featured_media":0,"parent":1183,"menu_order":0,"comment_status":"closed","ping_status":"closed","template":"","meta":{"footnotes":""},"class_list":["post-1242","page","type-page","status-publish","hentry"],"_links":{"self":[{"href":"https:\/\/hudochlaserkliniken.se\/en\/wp-json\/wp\/v2\/pages\/1242","targetHints":{"allow":["GET"]}}],"collection":[{"href":"https:\/\/hudochlaserkliniken.se\/en\/wp-json\/wp\/v2\/pages"}],"about":[{"href":"https:\/\/hudochlaserkliniken.se\/en\/wp-json\/wp\/v2\/types\/page"}],"author":[{"embeddable":true,"href":"https:\/\/hudochlaserkliniken.se\/en\/wp-json\/wp\/v2\/users\/1"}],"replies":[{"embeddable":true,"href":"https:\/\/hudochlaserkliniken.se\/en\/wp-json\/wp\/v2\/comments?post=1242"}],"version-history":[{"count":0,"href":"https:\/\/hudochlaserkliniken.se\/en\/wp-json\/wp\/v2\/pages\/1242\/revisions"}],"up":[{"embeddable":true,"href":"https:\/\/hudochlaserkliniken.se\/en\/wp-json\/wp\/v2\/pages\/1183"}],"wp:attachment":[{"href":"https:\/\/hudochlaserkliniken.se\/en\/wp-json\/wp\/v2\/media?parent=1242"}],"curies":[{"name":"wp","href":"https:\/\/api.w.org\/{rel}","templated":true}]}}